{"id":3,"date":"2018-06-25T10:46:49","date_gmt":"2018-06-25T10:46:49","guid":{"rendered":"http:\/\/valentinamo.ch\/?page_id=3"},"modified":"2021-10-21T12:48:47","modified_gmt":"2021-10-21T12:48:47","slug":"datenschutzerklaerung","status":"publish","type":"page","link":"https:\/\/valentinamo.ch\/index.php\/datenschutzerklaerung\/","title":{"rendered":"Datenschutzerkl\u00e4rung"},"content":{"rendered":"\r\n<h2>Datenschutzerkl\u00e4rung<\/h2>\r\n<p>Verantwortliche Stelle im Sinne der Datenschutzgesetze, insbesondere der EU-Datenschutzgrundverordnung (DSGVO), ist:<\/p>\r\n\r\n\r\n\r\n<p>Valentina Morrone<br \/>Rapperswilerstrasse 66A<br \/>CH-8630 R\u00fcti ZH<\/p>\r\n\r\n\r\n\r\n<p>E-Mail: hello(at)valentinamo.ch<br \/>WebSite: https:\/\/valentinamo.ch<\/p>\r\n\r\n\r\n\r\n<h2 class=\"wp-block-heading\">Allgemeiner Hinweis<\/h2>\r\n\r\n\r\n\r\n<p>Gest\u00fctzt auf Artikel 13 der schweizerischen Bundesverfassung und die datenschutzrechtlichen Bestimmungen des Bundes (Datenschutzgesetz, DSG<!--DSG-->) hat jede Person Anspruch auf Schutz ihrer Privatsph\u00e4re sowie auf Schutz vor Missbrauch ihrer pers\u00f6nlichen Daten. Die Betreiber dieser Seiten nehmen den Schutz Ihrer pers\u00f6nlichen Daten sehr ernst. Wir behandeln Ihre personenbezogenen Daten vertraulich und entsprechend der gesetzlichen Datenschutzvorschriften sowie dieser Datenschutzerkl\u00e4rung.<\/p>\r\n\r\n\r\n\r\n<p>In Zusammenarbeit mit unseren Hosting-Providern bem\u00fchen wir uns, die Datenbanken so gut wie m\u00f6glich vor fremden Zugriffen, Verlusten, Missbrauch oder vor F\u00e4lschung zu sch\u00fctzen.<\/p>\r\n\r\n\r\n\r\n<p>Wir weisen darauf hin, dass die Daten\u00fcbertragung im Internet (z.B. bei der Kommunikation per E-Mail) Sicherheitsl\u00fccken aufweisen kann. Ein l\u00fcckenloser Schutz der Daten vor dem Zugriff durch Dritte ist nicht m\u00f6glich.<\/p>\r\n\r\n\r\n\r\n<p>Durch die Nutzung dieser WebSite erkl\u00e4ren Sie sich mit der Erhebung, Verarbeitung und Nutzung von Daten gem\u00e4ss der nachfolgenden Beschreibung einverstanden. Diese WebSite kann grunds\u00e4tzlich ohne Registrierung besucht werden. Dabei werden Daten wie beispielsweise aufgerufene Seiten bzw. Namen der abgerufenen Datei, Datum und Uhrzeit zu statistischen Zwecken auf dem Server gespeichert, ohne dass diese Daten unmittelbar auf Ihre Person bezogen werden. Personenbezogene Daten, insbesondere Name, Adresse oder E-Mail-Adresse werden soweit m\u00f6glich auf freiwilliger Basis erhoben. Ohne Ihre Einwilligung erfolgt keine Weitergabe der Daten an Dritte.<\/p>\r\n\r\n<p>&nbsp;<\/p>\r\n\r\n<h2 class=\"wp-block-heading\">Bearbeitung von Personendaten<\/h2>\r\n\r\n\r\n\r\n<p>Personendaten sind alle Angaben, die sich auf eine bestimmte oder bestimmbare Person beziehen. Eine betroffene Person ist eine Person, \u00fcber die Personendaten bearbeitet werden. Bearbeiten umfasst jeden Umgang mit Personendaten, unabh\u00e4ngig von den angewandten Mitteln und Verfahren, insbesondere das Aufbewahren, Bekanntgeben, Beschaffen, L\u00f6schen, Speichern, Ver\u00e4ndern, Vernichten und Verwenden von Personendaten.<\/p>\r\n\r\n\r\n\r\n<p>Wir bearbeiten Personendaten im Einklang mit dem schweizerischen Datenschutzrecht. Im \u00dcbrigen bearbeiten wir \u2013 soweit und sofern die EU-DSGVO anwendbar ist \u2013 Personendaten gem\u00e4ss folgenden Rechtsgrundlagen im Zusammenhang mit Art. 6 Abs. 1 DSGVO<!--DSGVO-->:<\/p>\r\n\r\n\r\n\r\n<ul class=\"wp-block-list\">\r\n<li>lit. a) Bearbeitung von Personendaten mit Einwilligung der betroffenen Person.<\/li>\r\n<li>lit. b) Bearbeitung von Personendaten zur Erf\u00fcllung eines Vertrages mit der betroffenen Person sowie zur Durchf\u00fchrung entsprechender vorvertraglicher Massnahmen.<\/li>\r\n<li>lit. c) Bearbeitung von Personendaten zur Erf\u00fcllung einer rechtlichen Verpflichtung, der wir gem\u00e4ss allenfalls anwendbarem Recht der EU oder gem\u00e4ss allenfalls anwendbarem Recht eines Landes, in dem die DSGVO ganz oder teilweise anwendbar ist, unterliegen.<\/li>\r\n<li>lit. d) Bearbeitung von Personendaten um lebenswichtige Interessen der betroffenen Person oder einer anderen nat\u00fcrlichen Person zu sch\u00fctzen.<\/li>\r\n<li>lit. f) Bearbeitung von Personendaten um die berechtigten Interessen von uns oder von Dritten zu wahren, sofern nicht die Grundfreiheiten und Grundrechte sowie Interessen der betroffenen Person \u00fcberwiegen. Berechtigte Interessen sind insbesondere unser betriebswirtschaftliches Interesse, unsere Website bereitstellen zu k\u00f6nnen, die Informationssicherheit, die Durchsetzung von eigenen rechtlichen Anspr\u00fcchen und die Einhaltung von schweizerischem Recht.<\/li>\r\n<\/ul>\r\n\r\n\r\n\r\n<p>Wir bearbeiten Personendaten f\u00fcr jene Dauer, die f\u00fcr den jeweiligen Zweck oder die jeweiligen Zwecke erforderlich ist. Bei l\u00e4nger dauernden Aufbewahrungspflichten aufgrund von gesetzlichen und sonstigen Pflichten, denen wir unterliegen, schr\u00e4nken wir die Bearbeitung entsprechend ein.<\/p>\r\n\r\n<p>&nbsp;<\/p>\r\n\r\n<h2 class=\"wp-block-heading\">Datenschutzerkl\u00e4rung f\u00fcr Cookies<\/h2>\r\n\r\n\r\n\r\n<p>Diese WebSite verwendet Cookies. Das sind kleine Textdateien, die es m\u00f6glich machen, auf dem Endger\u00e4t des Nutzers spezifische, auf den Nutzer bezogene Informationen zu speichern, w\u00e4hrend er die Website nutzt. Cookies erm\u00f6glichen es, insbesondere Nutzungsh\u00e4ufigkeit und Nutzeranzahl der Seiten zu ermitteln, Verhaltensweisen der Seitennutzung zu analysieren, aber auch unser Angebot kundenfreundlicher zu gestalten. <!--Allg.Cookies-->Cookies bleiben \u00fcber das Ende einer Browser-Sitzung gespeichert und k\u00f6nnen bei einem erneuten Seitenbesuch wieder aufgerufen werden. Wenn Sie das nicht w\u00fcnschen, sollten Sie Ihren Internetbrowser so einstellen, dass er die Annahme von Cookies verweigert.<\/p>\r\n\r\n\r\n\r\n<p>Ein genereller Widerspruch gegen den Einsatz der zu Zwecken des Onlinemarketing eingesetzten Cookies kann bei einer Vielzahl der Dienste, vor allem im Fall des Trackings, \u00fcber die US-amerikanische Seite <a href=\"http:\/\/www.aboutads.info\/choices\/\" target=\"_blank\" rel=\"noopener noreferrer\">http:\/\/www.aboutads.info\/choices\/<\/a> oder die EU-Seite <a href=\"http:\/\/www.youronlinechoices.com\/\" target=\"_blank\" rel=\"noopener noreferrer\">http:\/\/www.youronlinechoices.com\/<\/a> erkl\u00e4rt werden. Des Weiteren kann die Speicherung von Cookies mittels deren Abschaltung in den Einstellungen des Browsers erreicht werden. Bitte beachten Sie, dass dann gegebenenfalls nicht alle Funktionen dieses Onlineangebotes genutzt werden k\u00f6nnen.<\/p>\r\n\r\n<p>&nbsp;<\/p>\r\n\r\n<h2 class=\"wp-block-heading\">Datenschutzerkl\u00e4rung f\u00fcr SSL-Verschl\u00fcsselung<\/h2>\r\n\r\n\r\n\r\n<p>Diese WebSite nutzt aus Gr\u00fcnden der Sicherheit und zum Schutz der \u00dcbertragung vertraulicher Inhalte, wie zum Beispiel der Anfragen, die Sie an uns als Seitenbetreiber senden, eine SSL-Verschl\u00fcsselung. Eine verschl\u00fcsselte Verbindung erkennen Sie daran, dass die Adresszeile des Browsers von &#171;http:\/\/&#187; auf &#171;https:\/\/&#187; wechselt und an dem Schloss-Symbol in Ihrer Browserzeile.<\/p>\r\n\r\n\r\n\r\n<p>Wenn die SSL Verschl\u00fcsselung aktiviert ist, k\u00f6nnen die Daten, die Sie an uns \u00fcbermitteln, nicht von Dritten mitgelesen werden.<\/p>\r\n\r\n<p>&nbsp;<\/p>\r\n\r\n<h2 class=\"wp-block-heading\">Datenschutzerkl\u00e4rung f\u00fcr Server-Log-Files<\/h2>\r\n\r\n\r\n\r\n<p>Der Provider dieser WebSite erhebt und speichert automatisch Informationen in so genannten Server-Log Files, die Ihr Browser automatisch an uns \u00fcbermittelt. Dies sind:<\/p>\r\n\r\n\r\n\r\n<ul class=\"wp-block-list\">\r\n<li>Browsertyp und Browserversion<\/li>\r\n<li>verwendetes Betriebssystem<\/li>\r\n<li>Referrer URL<\/li>\r\n<li>Hostname des zugreifenden Rechners<\/li>\r\n<li>Uhrzeit der Serveranfrage<\/li>\r\n<\/ul>\r\n\r\n\r\n\r\n<p>Diese Daten sind nicht bestimmten Personen zuordenbar. Eine Zusammenf\u00fchrung dieser Daten mit anderen Datenquellen wird nicht vorgenommen. Wir behalten uns vor, diese Daten nachtr\u00e4glich zupr\u00fcfen, wenn uns konkrete Anhaltspunkte f\u00fcr eine rechtswidrige Nutzung bekannt werden.<\/p>\r\n\r\n<p>&nbsp;<\/p>\r\n\r\n<h2 class=\"wp-block-heading\">Datenschutzerkl\u00e4rung f\u00fcr Kontaktformular<\/h2>\r\n\r\n\r\n\r\n<p>Wenn Sie uns per Kontaktformular Anfragen zukommen lassen, werden Ihre Angaben aus dem Anfrageformular inklusive der von Ihnen dort angegebenen Kontaktdaten zwecks Bearbeitung der Anfrage und f\u00fcr den Fall von Anschlussfragen bei uns gespeichert. Diese Daten geben wir nicht ohne Ihre Einwilligung weiter.<\/p>\r\n\r\n<p>&nbsp;<\/p>\r\n\r\n<h2 class=\"wp-block-heading\">Allgemeiner Haftungsausschluss<\/h2>\r\n\r\n\r\n\r\n<p>Alle Angaben unseres Internetangebotes wurden sorgf\u00e4ltig gepr\u00fcft. Wir bem\u00fchen uns, unser Informationsangebot aktuell, inhaltlich richtig und vollst\u00e4ndig anzubieten. Trotzdem kann das Auftreten von Fehlern nicht v\u00f6llig ausgeschlossen werden, womit wir keine Garantie f\u00fcr Vollst\u00e4ndigkeit, Richtigkeit und Aktualit\u00e4t von Informationen auch journalistisch-redaktioneller Art \u00fcbernehmen k\u00f6nnen. Haftungsanspr\u00fcche aus Sch\u00e4den materieller oder ideeller Art, die durch die Nutzung der angebotenen Informationen verursacht wurden, sind ausgeschlossen, sofern kein nachweislich vors\u00e4tzliches oder grob fahrl\u00e4ssiges Verschulden vorliegt.<\/p>\r\n\r\n\r\n\r\n<p>Der Herausgeber kann nach eigenem Ermessen und ohne Ank\u00fcndigung Texte ver\u00e4ndern oder l\u00f6schen und ist nicht verpflichtet, Inhalte dieser Website zu aktualisieren. Die Benutzung bzw. der Zugang zu dieser Website geschieht auf eigene Gefahr des Besuchers. Der Herausgeber, seine Auftraggeber oder Partner sind nicht verantwortlich f\u00fcr Sch\u00e4den, wie direkte, indirekte, zuf\u00e4llige, vorab konkret zu bestimmende oder Folgesch\u00e4den, die angeblich durch den Besuch dieser Website entstanden sind und \u00fcbernehmen hierf\u00fcr folglich keine Haftung.<\/p>\r\n\r\n\r\n\r\n<p>Der Herausgeber \u00fcbernimmt ebenfalls keine Verantwortung und Haftung f\u00fcr die Inhalte und die Verf\u00fcgbarkeit von Webseiten Dritter, die \u00fcber externe Links dieser Webseite erreichbar sind. F\u00fcr den Inhalt der verlinkten Seiten sind ausschliesslich deren Betreiber verantwortlich. Der Herausgeber distanziert sich damit ausdr\u00fccklich von allen Inhalten Dritter, die m\u00f6glicherweise straf- oder haftungsrechtlich relevant sind oder gegen die guten Sitten verstossen.<\/p>\r\n\r\n<p>&nbsp;<\/p>\r\n\r\n<h2 class=\"wp-block-heading\">\u00c4nderungen<\/h2>\r\n\r\n\r\n\r\n<p>Wir k\u00f6nnen diese Datenschutzerkl\u00e4rung jederzeit ohne Vorank\u00fcndigung anpassen. Es gilt die jeweils aktuelle, auf unserer Website publizierte Fassung. Soweit die Datenschutzerkl\u00e4rung Teil einer Vereinbarung mit Ihnen ist, werden wir Sie im Falle einer Aktualisierung \u00fcber die \u00c4nderung per E-Mail oder auf andere geeignete Weise informieren.<\/p>\r\n\r\n<p>&nbsp;<\/p>\r\n\r\n<h2 class=\"wp-block-heading\">Fragen an den Datenschutzbeauftragten<\/h2>\r\n\r\n\r\n\r\n<p>Wenn Sie Fragen zum Datenschutz haben, schreiben Sie uns bitte eine E-Mail oder wenden Sie sich direkt an die f\u00fcr den Datenschutz zu Beginn der Datenschutzerkl\u00e4rung aufgef\u00fchrten, verantwortlichen Person in unserer Organisation.<\/p>\r\n\r\n\r\n\r\n<p>Z\u00fcrich, 27.05.2019<!--ACHTUNG: Wenn Sie die Quelle ohne Erlaubnis von SwissAnwalt entfernen, dann begehen Sie eine Urheberrechtsverletzung welche in jedem Fall unter Kostenfolge geahndet wird.--><br \/>Quelle: <a href=\"https:\/\/www.swissanwalt.ch\" target=\"_blank\" rel=\"noopener noreferrer\">SwissAnwalt<\/a><\/p>\r\n","protected":false},"excerpt":{"rendered":"<p>Datenschutzerkl\u00e4rung Verantwortliche Stelle im Sinne der Datenschutzgesetze, insbesondere der EU-Datenschutzgrundverordnung (DSGVO), ist: Valentina MorroneRapperswilerstrasse 66ACH-8630 R\u00fcti ZH E-Mail: hello(at)valentinamo.chWebSite: https:\/\/valentinamo.ch Allgemeiner Hinweis Gest\u00fctzt auf Artikel 13 der schweizerischen Bundesverfassung und die datenschutzrechtlichen Bestimmungen des Bundes (Datenschutzgesetz, DSG) hat jede Person Anspruch auf Schutz ihrer Privatsph\u00e4re&#8230;<\/p>\n","protected":false},"author":3,"featured_media":0,"parent":0,"menu_order":0,"comment_status":"closed","ping_status":"open","template":"","meta":{"footnotes":""},"class_list":["post-3","page","type-page","status-publish","hentry"],"_links":{"self":[{"href":"https:\/\/valentinamo.ch\/index.php\/wp-json\/wp\/v2\/pages\/3","targetHints":{"allow":["GET"]}}],"collection":[{"href":"https:\/\/valentinamo.ch\/index.php\/wp-json\/wp\/v2\/pages"}],"about":[{"href":"https:\/\/valentinamo.ch\/index.php\/wp-json\/wp\/v2\/types\/page"}],"author":[{"embeddable":true,"href":"https:\/\/valentinamo.ch\/index.php\/wp-json\/wp\/v2\/users\/3"}],"replies":[{"embeddable":true,"href":"https:\/\/valentinamo.ch\/index.php\/wp-json\/wp\/v2\/comments?post=3"}],"version-history":[{"count":6,"href":"https:\/\/valentinamo.ch\/index.php\/wp-json\/wp\/v2\/pages\/3\/revisions"}],"predecessor-version":[{"id":14436,"href":"https:\/\/valentinamo.ch\/index.php\/wp-json\/wp\/v2\/pages\/3\/revisions\/14436"}],"wp:attachment":[{"href":"https:\/\/valentinamo.ch\/index.php\/wp-json\/wp\/v2\/media?parent=3"}],"curies":[{"name":"wp","href":"https:\/\/api.w.org\/{rel}","templated":true}]}}